{"id":2247,"date":"2021-09-01T02:16:39","date_gmt":"2021-09-01T02:16:39","guid":{"rendered":"https:\/\/barzo.com.br\/shop\/?post_type=product&#038;p=2247"},"modified":"2021-09-01T02:42:25","modified_gmt":"2021-09-01T02:42:25","slug":"kit-kaiak-aventura-desodorante-colonia-masculino","status":"publish","type":"product","link":"https:\/\/barzo.com.br\/shop\/produto\/kit-kaiak-aventura-desodorante-colonia-masculino\/","title":{"rendered":"Kit Kaiak Aventura Desodorante Col\u00f4nia Masculino"},"content":{"rendered":"<p>A vida pede a agita\u00e7\u00e3o das corredeiras.<\/p>\n<p>Toda hist\u00f3ria tem um come\u00e7o. A nossa, come\u00e7ou no mar. Desde seu lan\u00e7amento, Kaiak traz cria\u00e7\u00f5es olfativas que se inspiram nos elementos e sensa\u00e7\u00f5es do universo aqu\u00e1tico, criando fragr\u00e2ncias refrescantes, \u00fanicas e atemporais, tornando-se refer\u00eancia neste caminho olfativo.<\/p>\n<p>&nbsp;<\/p>\n<p>&nbsp;<\/p>\n<p><strong>Caminho olfativo:<\/strong><\/p>\n<p>Kaiak Aventura traz a combina\u00e7\u00e3o perfeita entre \u00e1gua, sol e mata. Um arom\u00e1tico moderado que traz o frescor c\u00edtrico e vibrante da bergamota combinado com notas de musk e madeiras cremosas como o s\u00e2ndalo.<\/p>\n<p>&nbsp;<\/p>\n<p><strong>Gota olfativa:<\/strong><\/p>\n<p>Sa\u00edda: artem\u00edsia, bergamota, cassis<\/p>\n<p>Corpo: pimenta preta, dihidromircenol, muguet<\/p>\n<p>Fundo: musc, s\u00e2ndalo, \u00e2mbar<\/p>\n<p>&nbsp;<\/p>\n<p>Conte\u00fado: 2 unidades de 100 ml cada.<\/p>\n","protected":false},"excerpt":{"rendered":"<p>Toda hist\u00f3ria tem um come\u00e7o. A nossa, come\u00e7ou no mar. Desde seu lan\u00e7amento, Kaiak traz c&#8230;<\/p>\n","protected":false},"featured_media":2259,"comment_status":"open","ping_status":"closed","template":"","meta":[],"product_brand":[],"product_cat":[631,16,605,431,489,34],"product_tag":[],"class_list":{"0":"post-2247","1":"product","2":"type-product","3":"status-publish","4":"has-post-thumbnail","6":"product_cat-natura","7":"product_cat-beleza-bem-estar-e-saude","8":"product_cat-lojas","9":"product_cat-masculinos","10":"product_cat-nacionais-masculinos","11":"product_cat-perfumes","13":"first","14":"instock","15":"sale","16":"shipping-taxable","17":"product-type-external"},"_links":{"self":[{"href":"https:\/\/barzo.com.br\/shop\/wp-json\/wp\/v2\/product\/2247","targetHints":{"allow":["GET"]}}],"collection":[{"href":"https:\/\/barzo.com.br\/shop\/wp-json\/wp\/v2\/product"}],"about":[{"href":"https:\/\/barzo.com.br\/shop\/wp-json\/wp\/v2\/types\/product"}],"replies":[{"embeddable":true,"href":"https:\/\/barzo.com.br\/shop\/wp-json\/wp\/v2\/comments?post=2247"}],"wp:featuredmedia":[{"embeddable":true,"href":"https:\/\/barzo.com.br\/shop\/wp-json\/wp\/v2\/media\/2259"}],"wp:attachment":[{"href":"https:\/\/barzo.com.br\/shop\/wp-json\/wp\/v2\/media?parent=2247"}],"wp:term":[{"taxonomy":"product_brand","embeddable":true,"href":"https:\/\/barzo.com.br\/shop\/wp-json\/wp\/v2\/product_brand?post=2247"},{"taxonomy":"product_cat","embeddable":true,"href":"https:\/\/barzo.com.br\/shop\/wp-json\/wp\/v2\/product_cat?post=2247"},{"taxonomy":"product_tag","embeddable":true,"href":"https:\/\/barzo.com.br\/shop\/wp-json\/wp\/v2\/product_tag?post=2247"}],"curies":[{"name":"wp","href":"https:\/\/api.w.org\/{rel}","templated":true}]}}