{"id":2128,"date":"2021-07-22T02:59:07","date_gmt":"2021-07-22T02:59:07","guid":{"rendered":"https:\/\/barzo.com.br\/shop\/?post_type=product&#038;p=2128"},"modified":"2021-07-22T02:59:08","modified_gmt":"2021-07-22T02:59:08","slug":"smartphone-motorola-moto-g9-play-64gb-azul-safira-4g-octa-core-4gb-ram-65-cam-tripla-selfie-8mp","status":"publish","type":"product","link":"https:\/\/barzo.com.br\/shop\/produto\/smartphone-motorola-moto-g9-play-64gb-azul-safira-4g-octa-core-4gb-ram-65-cam-tripla-selfie-8mp\/","title":{"rendered":"Smartphone Motorola Moto G9 Play 64GB Azul Safira &#8211; 4G Octa-Core 4GB RAM 6,5\u201d C\u00e2m. Tripla + Selfie 8MP"},"content":{"rendered":"<p>Tenha um smartphone em suas m\u00e3os que ir\u00e1 mudar seus conceitos! O Moto G9 Play da Motorola permite que voc\u00ea capture tudo, pois oferece um conjunto de 03 c\u00e2meras na parte de tr\u00e1s, deixando que sejam feitas desde fotos em alta resolu\u00e7\u00e3o at\u00e9 fotos n\u00edtidas em situa\u00e7\u00f5es de pouca luz. Fa\u00e7a selfies ainda melhores para compartilhar nas redes sociais, atrav\u00e9s da c\u00e2mera de frontal de 8MP. Sua tela de 6,5&#8243; IPS conta com resolu\u00e7\u00e3o HD+ para garantir uma visualiza\u00e7\u00e3o de tirar o f\u00f4lego ao assistir seus conte\u00fados favoritos. Tem 64GB de armazenamento interno, ele \u00e9 ideal para guardar suas fotos, m\u00fasicas ou v\u00eddeos! E se mesmo assim achar pouco, voc\u00ea pode usar um cart\u00e3o MicroSD de at\u00e9 512GB para aumentar essa capacidade. Este produto tem um processador Qualcomm Snapdragon 662 Octa-Core e 4GB de mem\u00f3ria RAM, que responde de maneira instant\u00e2nea, desde navega\u00e7\u00e3o na Internet \u00e0 jogos e v\u00eddeos. Fique sempre conectado com a tecnologia 4G em um aparelho dual chip! Tenha bateria para o dia todo, afinal estamos falando de 5000mAh, al\u00e9m de contar com carregamento TurboPower. Esse celular entrega prote\u00e7\u00e3o personalizada com leitor de impress\u00e3o digital, deixando seus conte\u00fados e dados confidenciais protegidos. A cor Azul Safira destaca o design do smartphone, garantindo maior eleg\u00e2ncia em suas m\u00e3os.<\/p>\n<p>Informa\u00e7\u00f5es t\u00e9cnicas<br \/>\nMarca\tMotorola<br \/>\nRefer\u00eancia\tXT2083-1<\/p>\n<p>Modelo\tMoto G9 Play<br \/>\nCor\tAzul Safira<br \/>\nMem\u00f3ria interna\t64GB<br \/>\nInforma\u00e7\u00f5es da mem\u00f3ria interna\tQuanto maior a mem\u00f3ria interna do aparelho mais espa\u00e7o voc\u00ea ter\u00e1 para salvar v\u00eddeos, fotos e \u00e1udios. Mas aten\u00e7\u00e3o, a mem\u00f3ria total do smartphone pode sofrer varia\u00e7\u00f5es conforme aplicativos pr\u00e9-instalados e sistema operacional.<br \/>\nSuporte ao cart\u00e3o de mem\u00f3ria\tMicroSD at\u00e9 512GB<br \/>\nMem\u00f3ria RAM\t4GB<br \/>\nTipo de tela\tIPS<br \/>\nTamanho da tela\t6,5&#8243;<br \/>\nResolu\u00e7\u00e3o da tela\tHD+<br \/>\nTecnologia\t4G<br \/>\nConectividade\t&#8211; Bluetooth<br \/>\n&#8211; Wi-Fi<br \/>\nLocaliza\u00e7\u00e3o\t&#8211; GPS<br \/>\n&#8211; AGPS<br \/>\n&#8211; GLONASS<br \/>\n&#8211; Galileo<br \/>\nProcessador\tOcta-Core<br \/>\nModelo do processador\tQualcomm Snapdragon 662<\/p>\n<p>Velocidade do processador\t2.0GHz<br \/>\nSistema operacional\tAndroid<br \/>\nVers\u00e3o do sistema operacional\t10<br \/>\nQuantidade de chips\tDual Chip<br \/>\nTipo de chip\tNano-SIM (4FF)<br \/>\nInforma\u00e7\u00f5es sobre o chip\tChip H\u00edbrido: O segundo slot \u00e9 hibrido, ou seja, pode ser utilizado para o cart\u00e3o de mem\u00f3ria ou chip da operadora.<br \/>\nResolu\u00e7\u00e3o da c\u00e2mera traseira\t48MP + 2MP + 2MP<br \/>\nRecursos da c\u00e2mera traseira\t&#8211; Flash LED<br \/>\nResolu\u00e7\u00e3o da c\u00e2mera frontal\t8MP<br \/>\nRecursos da c\u00e2mera frontal\t&#8211; Abertura de f\/2.2<br \/>\nSensores\t&#8211; Impress\u00e3o digital<br \/>\n&#8211; Aceler\u00f4metro<br \/>\n&#8211; Proximidade<br \/>\n&#8211; Girosc\u00f3pio<br \/>\n&#8211; Luz ambiente<br \/>\nCapacidade da bateria\t5000mAh<br \/>\nCarregamento r\u00e1pido\tTurboPower<br \/>\nOperadora\tDesbloqueado<br \/>\nPeso aproximado<br \/>\n Peso do produto\t200g<br \/>\n Peso do produto com embalagem\t377,5g<br \/>\nDimens\u00f5es do produto<br \/>\n Largura\t7,57cm<br \/>\n Altura\t16,52cm<br \/>\n Profundidade\t0,92cm<br \/>\nDimens\u00f5es do produto com embalagem<br \/>\n Largura\t9,4cm<br \/>\n Altura\t17,55cm<br \/>\n Profundidade\t4,95cm<br \/>\nGarantia<br \/>\nPrazo de Garantia\t01 ano (3 meses de garantia legal e mais 9 meses de garantia especial concedida pelo fabricante).<\/p>\n<p>Conte\u00fado da caixa:<br \/>\n&#8211; 1 Smartphone<br \/>\n&#8211; 1 Carregador TurboPower<br \/>\n&#8211; 1 Capa protetora<br \/>\n&#8211; 1 Cabo sincroniza\u00e7\u00e3o<br \/>\n&#8211; 1 Fone de ouvido est\u00e9reo<br \/>\n&#8211; 1 Ferramenta de remo\u00e7\u00e3o do chip<br \/>\n&#8211; 1 Kit de manual<\/p>\n","protected":false},"excerpt":{"rendered":"<p>Tenha um smartphone em suas m\u00e3os que ir\u00e1 mudar seus conceitos! O Moto G9 Play da Motorola permite que voc\u00ea capture tudo, pois oferece um conjunto de 03 c\u00e2meras na parte de tr\u00e1s, deixando que sejam feitas desde fotos em alta <\/p>\n","protected":false},"featured_media":2129,"comment_status":"open","ping_status":"closed","template":"","meta":[],"product_brand":[],"product_cat":[133,605,606,131,126],"product_tag":[],"class_list":{"0":"post-2128","1":"product","2":"type-product","3":"status-publish","4":"has-post-thumbnail","6":"product_cat-motorola","7":"product_cat-lojas","8":"product_cat-magalu","9":"product_cat-smartphones","10":"product_cat-telefones-celulares-e-tablets","12":"first","13":"instock","14":"sale","15":"shipping-taxable","16":"product-type-external"},"_links":{"self":[{"href":"https:\/\/barzo.com.br\/shop\/wp-json\/wp\/v2\/product\/2128","targetHints":{"allow":["GET"]}}],"collection":[{"href":"https:\/\/barzo.com.br\/shop\/wp-json\/wp\/v2\/product"}],"about":[{"href":"https:\/\/barzo.com.br\/shop\/wp-json\/wp\/v2\/types\/product"}],"replies":[{"embeddable":true,"href":"https:\/\/barzo.com.br\/shop\/wp-json\/wp\/v2\/comments?post=2128"}],"wp:featuredmedia":[{"embeddable":true,"href":"https:\/\/barzo.com.br\/shop\/wp-json\/wp\/v2\/media\/2129"}],"wp:attachment":[{"href":"https:\/\/barzo.com.br\/shop\/wp-json\/wp\/v2\/media?parent=2128"}],"wp:term":[{"taxonomy":"product_brand","embeddable":true,"href":"https:\/\/barzo.com.br\/shop\/wp-json\/wp\/v2\/product_brand?post=2128"},{"taxonomy":"product_cat","embeddable":true,"href":"https:\/\/barzo.com.br\/shop\/wp-json\/wp\/v2\/product_cat?post=2128"},{"taxonomy":"product_tag","embeddable":true,"href":"https:\/\/barzo.com.br\/shop\/wp-json\/wp\/v2\/product_tag?post=2128"}],"curies":[{"name":"wp","href":"https:\/\/api.w.org\/{rel}","templated":true}]}}