{"id":2094,"date":"2021-07-22T01:37:10","date_gmt":"2021-07-22T01:37:10","guid":{"rendered":"https:\/\/barzo.com.br\/shop\/?post_type=product&#038;p=2094"},"modified":"2021-07-22T01:48:22","modified_gmt":"2021-07-22T01:48:22","slug":"iphone-12-pro-max-apple-128gb-azul-pacifico-67-cam-tripla-12mp-ios","status":"publish","type":"product","link":"https:\/\/barzo.com.br\/shop\/produto\/iphone-12-pro-max-apple-128gb-azul-pacifico-67-cam-tripla-12mp-ios\/","title":{"rendered":"iPhone 12 Pro Max Apple 128GB &#8211; Azul-Pac\u00edfico 6,7\u201d C\u00e2m. Tripla 12MP iOS"},"content":{"rendered":"<p>iPhone 12 Pro Max. Tela Super Retina XDR maior com 6,7 polegadas*. Ceramic Shield, que \u00e9 quatro vezes mais resistente a quedas**. Fotos surpreendentes em pouca luz com o melhor sistema de c\u00e2mera Pro em um iPhone e alcance de zoom \u00f3ptico de 5x. Reprodu\u00e7\u00e3o, edi\u00e7\u00e3o e grava\u00e7\u00e3o de v\u00eddeos em Dolby Vision com qualidade de cinema. Retratos com modo Noite e experi\u00eancias ainda melhores em realidade aumentada com o Scanner LiDAR. Poderoso chip A14 Bionic. Compat\u00edvel com 5G***. E novos acess\u00f3rios MagSafe com encaixe f\u00e1cil e recarga sem fio mais r\u00e1pida****. As possibilidades s\u00e3o espetaculares e infinitas.Avisos legais:*A tela tem bordas arredondadas. Quando medida como um ret\u00e2ngulo, a tela tem 6,68 polegadas na diagonal. A \u00e1rea real de visualiza\u00e7\u00e3o \u00e9 menor.**Informa\u00e7\u00e3o baseada na compara\u00e7\u00e3o entre a parte da frente do iPhone 12 Pro Max (em Ceramic Shield) e a do iPhone da gera\u00e7\u00e3o anterior.***\u00c9 preciso ter um plano de dados. 5G s\u00f3 est\u00e1 dispon\u00edvel em alguns pa\u00edses e por meio de determinadas operadoras. As velocidades variam de acordo com as condi\u00e7\u00f5es e operadoras locais. Para obter detalhes sobre a compatibilidade com 5G, entre em contato com sua operadora e consulte apple.com\/br\/iphone\/cellular.****Os acess\u00f3rios s\u00e3o vendidos separadamente. *****O Apple ProRAW estar\u00e1 dispon\u00edvel em breve.******O iPhone 12 Pro Max \u00e9 resistente a respingos, \u00e1gua e poeira e foi testado em condi\u00e7\u00f5es controladas em laborat\u00f3rio, classificado como IP68 segundo a norma IEC 60529 (profundidade m\u00e1xima de seis metros por at\u00e9 30 minutos). A resist\u00eancia a respingos, \u00e1gua e poeira n\u00e3o \u00e9 uma condi\u00e7\u00e3o permanente e pode diminuir com o tempo. N\u00e3o tente recarregar um iPhone molhado. Veja instru\u00e7\u00f5es de limpeza e secagem no Manual do Usu\u00e1rio. Danos decorrentes de contato com l\u00edquidos n\u00e3o est\u00e3o inclu\u00eddos na garantia.<\/p>\n<p>Informa\u00e7\u00f5es t\u00e9cnicas<br \/>\nMarca\tApple<br \/>\nRefer\u00eancia\tMGD73BZ\/A<br \/>\nModelo\tiPhone 12 Pro Max 128GB &#8211; Grafite<br \/>\nLinha\tiPhone 12 Pro Max<br \/>\nCor\tAzul-Pac\u00edfico<br \/>\nMem\u00f3ria interna\t128GB<br \/>\nSuporte ao cart\u00e3o de mem\u00f3ria\tN\u00e3o<br \/>\nTipo de tela\tSuper Retina XDR<br \/>\nTamanho da tela\t6,7 polegadas<br \/>\nResolu\u00e7\u00e3o da tela\t2778 x 1284 pixels a 458 ppp<br \/>\nTecnologia\t4G \/ 5G<br \/>\nConectividade\tLTE, Wi-Fi, Bluetooth, NFC com modo leitura, Cart\u00f5es expressos<br \/>\nLocaliza\u00e7\u00e3o\tGPS\/GNSS integrado<br \/>\nProcessador\tA14<br \/>\nModelo do processador\tA14 Bionic com Neural Engine de nova gera\u00e7\u00e3o<br \/>\nSistema operacional\tiOS<br \/>\nVers\u00e3o do sistema operacional\tA vers\u00e3o mais recente do iOS<br \/>\nQuantidade de chips\t2<br \/>\nTipo de chip\tNano SIM e eSIM<br \/>\nRecursos\tCeramic Shield, mais resistente que qualquer vidro de qualquer smartphone, Compat\u00edvel com 5G***, Compat\u00edvel com acess\u00f3rios MagSafe com encaixe f\u00e1cil e recarga sem fio mais r\u00e1pida****<br \/>\nResolu\u00e7\u00e3o da c\u00e2mera traseira\t12 MP<br \/>\nRecursos da c\u00e2mera traseira\tSistema de c\u00e2mera Pro (ultra-angular, grande-angular e teleobjetiva) de 12 MP; alcance de zoom \u00f3ptico de 5x; modo Noite, Deep Fusion, HDR Inteligente 3, Apple ProRAW*****, grava\u00e7\u00e3o de v\u00eddeo HDR com Dolby Vision 4K<br \/>\nResolu\u00e7\u00e3o da c\u00e2mera frontal\t12 MP<br \/>\nRecursos da c\u00e2mera frontal\tModo Noite, grava\u00e7\u00e3o de v\u00eddeo HDR com Dolby Vision 4K<br \/>\nSensores\tFace ID, Scanner LiDAR, Bar\u00f4metro, Girosc\u00f3pio de tr\u00eas eixos, Aceler\u00f4metro, Sensor de proximidade, Sensor de luz ambiente<br \/>\nAplicativos\tMail, iMessage, iCal, Safari<br \/>\nCarregamento r\u00e1pido\tSim<br \/>\nOperadora\tDesbloqueado<br \/>\nCertifica\u00e7\u00f5es\tIP68 (profundidade m\u00e1xima de seis metros por at\u00e9 30 minutos) segundo a norma IEC 60529<br \/>\nDimens\u00f5es do produto<br \/>\n Largura\t7,8cm<br \/>\n Altura\t16,1cm<br \/>\n Profundidade\t0,7cm<br \/>\nGarantia<br \/>\nPrazo de Garantia\t01 ano (3 meses de garantia legal e mais 9 meses de garantia especial concedida pelo fabricante).<br \/>\nSAC do fornecedor (E-mail)\t0800-761-0867<\/p>\n<p>Conte\u00fado da embalagem:<br \/>\niPhone com iOS, Cabo de USB-C para Lightning e Documenta\u00e7\u00e3o<\/p>\n","protected":false},"excerpt":{"rendered":"<p>iPhone 12 Pro Max. Tela Super Retina XDR maior com 6,7 polegadas*. Ceramic Shield, que \u00e9 quatro vezes mais resistente a quedas**. Fotos surpreendentes em pouca luz com o melhor sistema de c\u00e2mera Pro em um iPhone e alcance de zoom \u00f3ptico de 5x. Reprodu\u00e7\u00e3o, edi\u00e7\u00e3o e grava\u00e7\u00e3o de v\u00eddeos em Dolby Vision com<\/p>\n","protected":false},"featured_media":2097,"comment_status":"open","ping_status":"closed","template":"","meta":[],"product_brand":[],"product_cat":[126,132,605,606,131],"product_tag":[],"class_list":{"0":"post-2094","1":"product","2":"type-product","3":"status-publish","4":"has-post-thumbnail","6":"product_cat-telefones-celulares-e-tablets","7":"product_cat-apple","8":"product_cat-lojas","9":"product_cat-magalu","10":"product_cat-smartphones","12":"first","13":"instock","14":"sale","15":"shipping-taxable","16":"product-type-external"},"_links":{"self":[{"href":"https:\/\/barzo.com.br\/shop\/wp-json\/wp\/v2\/product\/2094","targetHints":{"allow":["GET"]}}],"collection":[{"href":"https:\/\/barzo.com.br\/shop\/wp-json\/wp\/v2\/product"}],"about":[{"href":"https:\/\/barzo.com.br\/shop\/wp-json\/wp\/v2\/types\/product"}],"replies":[{"embeddable":true,"href":"https:\/\/barzo.com.br\/shop\/wp-json\/wp\/v2\/comments?post=2094"}],"wp:featuredmedia":[{"embeddable":true,"href":"https:\/\/barzo.com.br\/shop\/wp-json\/wp\/v2\/media\/2097"}],"wp:attachment":[{"href":"https:\/\/barzo.com.br\/shop\/wp-json\/wp\/v2\/media?parent=2094"}],"wp:term":[{"taxonomy":"product_brand","embeddable":true,"href":"https:\/\/barzo.com.br\/shop\/wp-json\/wp\/v2\/product_brand?post=2094"},{"taxonomy":"product_cat","embeddable":true,"href":"https:\/\/barzo.com.br\/shop\/wp-json\/wp\/v2\/product_cat?post=2094"},{"taxonomy":"product_tag","embeddable":true,"href":"https:\/\/barzo.com.br\/shop\/wp-json\/wp\/v2\/product_tag?post=2094"}],"curies":[{"name":"wp","href":"https:\/\/api.w.org\/{rel}","templated":true}]}}