{"id":2063,"date":"2021-07-22T00:53:47","date_gmt":"2021-07-22T00:53:47","guid":{"rendered":"https:\/\/barzo.com.br\/shop\/?post_type=product&#038;p=2063"},"modified":"2021-07-22T00:53:48","modified_gmt":"2021-07-22T00:53:48","slug":"manta-casal-sultan-poliester-sonhare-grafite","status":"publish","type":"product","link":"https:\/\/barzo.com.br\/shop\/produto\/manta-casal-sultan-poliester-sonhare-grafite\/","title":{"rendered":"Manta Casal Sultan Poli\u00e9ster Sonhare Grafite"},"content":{"rendered":"<p>Uma das principais usabilidades da manta \u00e9 para aquecer a cama e quem dorme nela. S\u00e3o pe\u00e7as mais pesadas tamb\u00e9m e que ret\u00e9m bastante o calor de uma noite de sono. Se voc\u00ea mora em locais onde a temperatura \u00e9 mais \u00famida e seca, no inverno a manta ser\u00e1 muito bem vinda e \u00fatil para controlar o frio. A manta de casal Sonhare 100% poli\u00e9ster grafite da Sultan \u00e9 o que voc\u00ea precisa para deixar suas noites de sono mais quentes e gostosas.<\/p>\n<p>Informa\u00e7\u00f5es t\u00e9cnicas<br \/>\nMarca\tSultan<br \/>\nRefer\u00eancia\t350083<br \/>\nModelo\tSonhare<br \/>\nClassifica\u00e7\u00e3o\tAdulto<br \/>\nTamanho\tCasal<br \/>\nMaterial\tPoli\u00e9ster<br \/>\nComposi\u00e7\u00e3o\t100% Poli\u00e9ster<br \/>\nQuantidade de pe\u00e7as\t1<br \/>\nCor\tGrafite<br \/>\nAcabamento\tBainhas<br \/>\nToque\tMacio<br \/>\nGramatura\t180g\/m\u00b2<br \/>\nInstru\u00e7\u00f5es de lavagem\t&#8211; Lavar no m\u00e1ximo a 30\u00baC<br \/>\n&#8211; N\u00e3o usar alvejante<br \/>\n&#8211; N\u00e3o secar em tambor<br \/>\n&#8211; Secagem em varal<br \/>\n&#8211; N\u00e3o passar<br \/>\n&#8211; N\u00e3o limpar a seco<br \/>\n&#8211; Limpeza \u00e0 \u00famido profissional<br \/>\nPeso aproximado<br \/>\n Peso do produto\t710g<br \/>\nDimens\u00f5es do produto\tLargura: 37,5cm<br \/>\nAltura: 6,5cm<br \/>\nProfundidade: 47cm<br \/>\nGarantia<br \/>\nPrazo de Garantia\t03 meses de garantia legal.<br \/>\nSAC do fornecedor (E-mail)\tsac@sultan.com.br<\/p>\n","protected":false},"excerpt":{"rendered":"<p>Uma das principais usabilidades da manta \u00e9 para aquecer a cama e quem dorme nela. S\u00e3o pe\u00e7as mais pe<\/p>\n","protected":false},"featured_media":2069,"comment_status":"open","ping_status":"closed","template":"","meta":[],"product_brand":[],"product_cat":[605,35,606,82],"product_tag":[],"class_list":{"0":"post-2063","1":"product","2":"type-product","3":"status-publish","4":"has-post-thumbnail","6":"product_cat-lojas","7":"product_cat-cama-mesa-e-banho","8":"product_cat-magalu","9":"product_cat-mantas-cobertores-e-edredons","11":"first","12":"instock","13":"sale","14":"shipping-taxable","15":"product-type-external"},"_links":{"self":[{"href":"https:\/\/barzo.com.br\/shop\/wp-json\/wp\/v2\/product\/2063","targetHints":{"allow":["GET"]}}],"collection":[{"href":"https:\/\/barzo.com.br\/shop\/wp-json\/wp\/v2\/product"}],"about":[{"href":"https:\/\/barzo.com.br\/shop\/wp-json\/wp\/v2\/types\/product"}],"replies":[{"embeddable":true,"href":"https:\/\/barzo.com.br\/shop\/wp-json\/wp\/v2\/comments?post=2063"}],"wp:featuredmedia":[{"embeddable":true,"href":"https:\/\/barzo.com.br\/shop\/wp-json\/wp\/v2\/media\/2069"}],"wp:attachment":[{"href":"https:\/\/barzo.com.br\/shop\/wp-json\/wp\/v2\/media?parent=2063"}],"wp:term":[{"taxonomy":"product_brand","embeddable":true,"href":"https:\/\/barzo.com.br\/shop\/wp-json\/wp\/v2\/product_brand?post=2063"},{"taxonomy":"product_cat","embeddable":true,"href":"https:\/\/barzo.com.br\/shop\/wp-json\/wp\/v2\/product_cat?post=2063"},{"taxonomy":"product_tag","embeddable":true,"href":"https:\/\/barzo.com.br\/shop\/wp-json\/wp\/v2\/product_tag?post=2063"}],"curies":[{"name":"wp","href":"https:\/\/api.w.org\/{rel}","templated":true}]}}