{"id":2056,"date":"2021-07-22T00:42:27","date_gmt":"2021-07-22T00:42:27","guid":{"rendered":"https:\/\/barzo.com.br\/shop\/?post_type=product&#038;p=2056"},"modified":"2021-07-22T00:57:59","modified_gmt":"2021-07-22T00:57:59","slug":"manta-casal-sultan-poliester-sonhare-azul-marinho","status":"publish","type":"product","link":"https:\/\/barzo.com.br\/shop\/produto\/manta-casal-sultan-poliester-sonhare-azul-marinho\/","title":{"rendered":"Manta Casal Sultan Poli\u00e9ster Sonhare Azul Marinho"},"content":{"rendered":"<p>Uma das principais usabilidades da manta \u00e9 para aquecer a cama e quem dorme nela. S\u00e3o pe\u00e7as mais pesadas tamb\u00e9m e que ret\u00e9m bastante o calor de uma noite de sono. Se voc\u00ea mora em locais onde a temperatura \u00e9 mais \u00famida e seca, no inverno a manta ser\u00e1 muito bem vinda e \u00fatil para controlar o frio. A manta de casal Sonhare 100% poli\u00e9ster azul marinho da Sultan \u00e9 o que voc\u00ea precisa para deixar suas noites de sono mais quentes e gostosas.<\/p>\n","protected":false},"excerpt":{"rendered":"<p>Uma das principais usabilidades da manta \u00e9 para aquecer a cama e quem dorme nela. S\u00e3o pe\u00e7as mais pe<\/p>\n","protected":false},"featured_media":2059,"comment_status":"open","ping_status":"closed","template":"","meta":[],"product_brand":[],"product_cat":[82,35,605,606],"product_tag":[],"class_list":{"0":"post-2056","1":"product","2":"type-product","3":"status-publish","4":"has-post-thumbnail","6":"product_cat-mantas-cobertores-e-edredons","7":"product_cat-cama-mesa-e-banho","8":"product_cat-lojas","9":"product_cat-magalu","11":"first","12":"instock","13":"sale","14":"shipping-taxable","15":"product-type-external"},"_links":{"self":[{"href":"https:\/\/barzo.com.br\/shop\/wp-json\/wp\/v2\/product\/2056","targetHints":{"allow":["GET"]}}],"collection":[{"href":"https:\/\/barzo.com.br\/shop\/wp-json\/wp\/v2\/product"}],"about":[{"href":"https:\/\/barzo.com.br\/shop\/wp-json\/wp\/v2\/types\/product"}],"replies":[{"embeddable":true,"href":"https:\/\/barzo.com.br\/shop\/wp-json\/wp\/v2\/comments?post=2056"}],"wp:featuredmedia":[{"embeddable":true,"href":"https:\/\/barzo.com.br\/shop\/wp-json\/wp\/v2\/media\/2059"}],"wp:attachment":[{"href":"https:\/\/barzo.com.br\/shop\/wp-json\/wp\/v2\/media?parent=2056"}],"wp:term":[{"taxonomy":"product_brand","embeddable":true,"href":"https:\/\/barzo.com.br\/shop\/wp-json\/wp\/v2\/product_brand?post=2056"},{"taxonomy":"product_cat","embeddable":true,"href":"https:\/\/barzo.com.br\/shop\/wp-json\/wp\/v2\/product_cat?post=2056"},{"taxonomy":"product_tag","embeddable":true,"href":"https:\/\/barzo.com.br\/shop\/wp-json\/wp\/v2\/product_tag?post=2056"}],"curies":[{"name":"wp","href":"https:\/\/api.w.org\/{rel}","templated":true}]}}